{"id":9868,"date":"2025-03-25T17:06:50","date_gmt":"2025-03-25T14:06:50","guid":{"rendered":"https:\/\/jamallek.com\/eg\/product\/lancome-advanced-genifique-youth-activating-serum\/"},"modified":"2026-02-07T18:00:20","modified_gmt":"2026-02-07T15:00:20","slug":"lancome-advanced-genifique-youth-activating-serum","status":"publish","type":"product","link":"https:\/\/jamallek.com\/eg\/product\/lancome-advanced-genifique-youth-activating-serum\/","title":{"rendered":"Lanc\u00f4me Advanced G\u00e9nifique Youth Activating Serum"},"content":{"rendered":"<p>An anti-aging serum formulated with Bifidus Prebiotic, Vitamin Cg, and Hyaluronic Acid. It visibly smooths, hydrates, and evens out skin texture. Used morning and night, this formula helps strengthen the skin&#8217;s moisture barrier to defend against external aggressors, including pollution, UV rays, cold, and dry weather. Skin appears hydrated, visibly softer, and smoother. Radiance is noticeable in 7 days, and fine lines and wrinkles are visibly reduced with continued use.<\/p>\n","protected":false},"excerpt":{"rendered":"<p>An anti-aging serum formulated with Bifidus Prebiotic, Vitamin Cg, and Hyaluronic Acid. It visibly smooths, hydrates, and evens out skin<\/p>\n","protected":false},"featured_media":9851,"comment_status":"open","ping_status":"closed","template":"","meta":{"_acf_changed":false,"_monsterinsights_skip_tracking":false,"_monsterinsights_sitenote_active":false,"_monsterinsights_sitenote_note":"","_monsterinsights_sitenote_category":0},"product_brand":[],"product_cat":[101],"product_tag":[],"class_list":{"0":"post-9868","1":"product","2":"type-product","3":"status-publish","4":"has-post-thumbnail","6":"product_cat-anti-aging-cream-serum","7":"pa_age-range-adults","8":"pa_brands-lancome","9":"pa_item-form-serum","10":"pa_product-type-anti-aging-serum","11":"pa_size-100ml","12":"pa_skin-types-all-skin-types","13":"pa_where-to-apply-face","15":"first","16":"instock","17":"sale","18":"purchasable","19":"product-type-simple"},"acf":{"material_feature":"Contains Bifidus Prebiotic, Vitamin Cg, and Hyaluronic Acid.","how_to_use":"Apply morning and night on clean skin. Dispense the serum onto fingertips and gently massage onto the face and neck until fully absorbed.\u200b"},"yoast_head":"<!-- This site is optimized with the Yoast SEO plugin v22.9 - https:\/\/yoast.com\/wordpress\/plugins\/seo\/ -->\n<title>Jamallek | Lanc\u00f4me Advanced G\u00e9nifique Youth Activating Serum |<\/title>\n<meta name=\"description\" content=\"Shop online Lanc\u00f4me Advanced G\u00e9nifique Youth Activating Serum with best price and will deliver to your door step, choose from our wide range famous cosmetics and skin care brands (Dior, L&#039;Oreal, MAC. Laura Mercier, Make up forever, Chanel, COSRX, Maybelline and more)\" \/>\n<meta name=\"robots\" content=\"index, follow, max-snippet:-1, max-image-preview:large, max-video-preview:-1\" \/>\n<link rel=\"canonical\" href=\"https:\/\/jamallek.com\/eg\/product\/lancome-advanced-genifique-youth-activating-serum\/\" \/>\n<meta property=\"og:locale\" content=\"en_US\" \/>\n<meta property=\"og:type\" content=\"article\" \/>\n<meta property=\"og:title\" content=\"Jamallek | Lanc\u00f4me Advanced G\u00e9nifique Youth Activating Serum |\" \/>\n<meta property=\"og:description\" content=\"Shop online Lanc\u00f4me Advanced G\u00e9nifique Youth Activating Serum with best price and will deliver to your door step, choose from our wide range famous cosmetics and skin care brands (Dior, L&#039;Oreal, MAC. Laura Mercier, Make up forever, Chanel, COSRX, Maybelline and more)\" \/>\n<meta property=\"og:url\" content=\"https:\/\/jamallek.com\/eg\/product\/lancome-advanced-genifique-youth-activating-serum\/\" \/>\n<meta property=\"og:site_name\" content=\"Jamallek\" \/>\n<meta property=\"article:modified_time\" content=\"2026-02-07T15:00:20+00:00\" \/>\n<meta property=\"og:image\" content=\"https:\/\/jamallek.com\/eg\/wp-content\/uploads\/2025\/03\/3614272623507-01.jpg\" \/>\n\t<meta property=\"og:image:width\" content=\"700\" \/>\n\t<meta property=\"og:image:height\" content=\"700\" \/>\n\t<meta property=\"og:image:type\" content=\"image\/jpeg\" \/>\n<meta name=\"twitter:card\" content=\"summary_large_image\" \/>\n<meta name=\"twitter:label1\" content=\"Est. reading time\" \/>\n\t<meta name=\"twitter:data1\" content=\"1 minute\" \/>\n<script type=\"application\/ld+json\" class=\"yoast-schema-graph\">{\"@context\":\"https:\/\/schema.org\",\"@graph\":[{\"@type\":\"WebPage\",\"@id\":\"https:\/\/jamallek.com\/eg\/product\/lancome-advanced-genifique-youth-activating-serum\/\",\"url\":\"https:\/\/jamallek.com\/eg\/product\/lancome-advanced-genifique-youth-activating-serum\/\",\"name\":\"Jamallek | Lanc\u00f4me Advanced G\u00e9nifique Youth Activating Serum |\",\"isPartOf\":{\"@id\":\"https:\/\/jamallek.com\/eg\/#website\"},\"primaryImageOfPage\":{\"@id\":\"https:\/\/jamallek.com\/eg\/product\/lancome-advanced-genifique-youth-activating-serum\/#primaryimage\"},\"image\":{\"@id\":\"https:\/\/jamallek.com\/eg\/product\/lancome-advanced-genifique-youth-activating-serum\/#primaryimage\"},\"thumbnailUrl\":\"https:\/\/jamallek.com\/eg\/wp-content\/uploads\/2025\/03\/3614272623507-01.jpg\",\"datePublished\":\"2025-03-25T14:06:50+00:00\",\"dateModified\":\"2026-02-07T15:00:20+00:00\",\"description\":\"Shop online Lanc\u00f4me Advanced G\u00e9nifique Youth Activating Serum with best price and will deliver to your door step, choose from our wide range famous cosmetics and skin care brands (Dior, L'Oreal, MAC. Laura Mercier, Make up forever, Chanel, COSRX, Maybelline and more)\",\"breadcrumb\":{\"@id\":\"https:\/\/jamallek.com\/eg\/product\/lancome-advanced-genifique-youth-activating-serum\/#breadcrumb\"},\"inLanguage\":\"en-US\",\"potentialAction\":[{\"@type\":\"ReadAction\",\"target\":[\"https:\/\/jamallek.com\/eg\/product\/lancome-advanced-genifique-youth-activating-serum\/\"]}]},{\"@type\":\"ImageObject\",\"inLanguage\":\"en-US\",\"@id\":\"https:\/\/jamallek.com\/eg\/product\/lancome-advanced-genifique-youth-activating-serum\/#primaryimage\",\"url\":\"https:\/\/jamallek.com\/eg\/wp-content\/uploads\/2025\/03\/3614272623507-01.jpg\",\"contentUrl\":\"https:\/\/jamallek.com\/eg\/wp-content\/uploads\/2025\/03\/3614272623507-01.jpg\",\"width\":700,\"height\":700},{\"@type\":\"BreadcrumbList\",\"@id\":\"https:\/\/jamallek.com\/eg\/product\/lancome-advanced-genifique-youth-activating-serum\/#breadcrumb\",\"itemListElement\":[{\"@type\":\"ListItem\",\"position\":1,\"name\":\"Home\",\"item\":\"https:\/\/jamallek.com\/eg\/\"},{\"@type\":\"ListItem\",\"position\":2,\"name\":\"Shop\",\"item\":\"https:\/\/jamallek.com\/eg\/shop\/\"},{\"@type\":\"ListItem\",\"position\":3,\"name\":\"Lanc\u00f4me Advanced G\u00e9nifique Youth Activating Serum\"}]},{\"@type\":\"WebSite\",\"@id\":\"https:\/\/jamallek.com\/eg\/#website\",\"url\":\"https:\/\/jamallek.com\/eg\/\",\"name\":\"Jamallek\",\"description\":\"\",\"publisher\":{\"@id\":\"https:\/\/jamallek.com\/eg\/#organization\"},\"potentialAction\":[{\"@type\":\"SearchAction\",\"target\":{\"@type\":\"EntryPoint\",\"urlTemplate\":\"https:\/\/jamallek.com\/eg\/?s={search_term_string}\"},\"query-input\":\"required name=search_term_string\"}],\"inLanguage\":\"en-US\"},{\"@type\":\"Organization\",\"@id\":\"https:\/\/jamallek.com\/eg\/#organization\",\"name\":\"Jamallek\",\"url\":\"https:\/\/jamallek.com\/eg\/\",\"logo\":{\"@type\":\"ImageObject\",\"inLanguage\":\"en-US\",\"@id\":\"https:\/\/jamallek.com\/eg\/#\/schema\/logo\/image\/\",\"url\":\"https:\/\/jamallek.com\/eg\/wp-content\/uploads\/2024\/03\/New-Project.png\",\"contentUrl\":\"https:\/\/jamallek.com\/eg\/wp-content\/uploads\/2024\/03\/New-Project.png\",\"width\":600,\"height\":600,\"caption\":\"Jamallek\"},\"image\":{\"@id\":\"https:\/\/jamallek.com\/eg\/#\/schema\/logo\/image\/\"}}]}<\/script>\n<!-- \/ Yoast SEO plugin. -->","yoast_head_json":{"title":"Jamallek | Lanc\u00f4me Advanced G\u00e9nifique Youth Activating Serum |","description":"Shop online Lanc\u00f4me Advanced G\u00e9nifique Youth Activating Serum with best price and will deliver to your door step, choose from our wide range famous cosmetics and skin care brands (Dior, L'Oreal, MAC. Laura Mercier, Make up forever, Chanel, COSRX, Maybelline and more)","robots":{"index":"index","follow":"follow","max-snippet":"max-snippet:-1","max-image-preview":"max-image-preview:large","max-video-preview":"max-video-preview:-1"},"canonical":"https:\/\/jamallek.com\/eg\/product\/lancome-advanced-genifique-youth-activating-serum\/","og_locale":"en_US","og_type":"article","og_title":"Jamallek | Lanc\u00f4me Advanced G\u00e9nifique Youth Activating Serum |","og_description":"Shop online Lanc\u00f4me Advanced G\u00e9nifique Youth Activating Serum with best price and will deliver to your door step, choose from our wide range famous cosmetics and skin care brands (Dior, L'Oreal, MAC. Laura Mercier, Make up forever, Chanel, COSRX, Maybelline and more)","og_url":"https:\/\/jamallek.com\/eg\/product\/lancome-advanced-genifique-youth-activating-serum\/","og_site_name":"Jamallek","article_modified_time":"2026-02-07T15:00:20+00:00","og_image":[{"width":700,"height":700,"url":"https:\/\/jamallek.com\/eg\/wp-content\/uploads\/2025\/03\/3614272623507-01.jpg","type":"image\/jpeg"}],"twitter_card":"summary_large_image","twitter_misc":{"Est. reading time":"1 minute"},"schema":{"@context":"https:\/\/schema.org","@graph":[{"@type":"WebPage","@id":"https:\/\/jamallek.com\/eg\/product\/lancome-advanced-genifique-youth-activating-serum\/","url":"https:\/\/jamallek.com\/eg\/product\/lancome-advanced-genifique-youth-activating-serum\/","name":"Jamallek | Lanc\u00f4me Advanced G\u00e9nifique Youth Activating Serum |","isPartOf":{"@id":"https:\/\/jamallek.com\/eg\/#website"},"primaryImageOfPage":{"@id":"https:\/\/jamallek.com\/eg\/product\/lancome-advanced-genifique-youth-activating-serum\/#primaryimage"},"image":{"@id":"https:\/\/jamallek.com\/eg\/product\/lancome-advanced-genifique-youth-activating-serum\/#primaryimage"},"thumbnailUrl":"https:\/\/jamallek.com\/eg\/wp-content\/uploads\/2025\/03\/3614272623507-01.jpg","datePublished":"2025-03-25T14:06:50+00:00","dateModified":"2026-02-07T15:00:20+00:00","description":"Shop online Lanc\u00f4me Advanced G\u00e9nifique Youth Activating Serum with best price and will deliver to your door step, choose from our wide range famous cosmetics and skin care brands (Dior, L'Oreal, MAC. Laura Mercier, Make up forever, Chanel, COSRX, Maybelline and more)","breadcrumb":{"@id":"https:\/\/jamallek.com\/eg\/product\/lancome-advanced-genifique-youth-activating-serum\/#breadcrumb"},"inLanguage":"en-US","potentialAction":[{"@type":"ReadAction","target":["https:\/\/jamallek.com\/eg\/product\/lancome-advanced-genifique-youth-activating-serum\/"]}]},{"@type":"ImageObject","inLanguage":"en-US","@id":"https:\/\/jamallek.com\/eg\/product\/lancome-advanced-genifique-youth-activating-serum\/#primaryimage","url":"https:\/\/jamallek.com\/eg\/wp-content\/uploads\/2025\/03\/3614272623507-01.jpg","contentUrl":"https:\/\/jamallek.com\/eg\/wp-content\/uploads\/2025\/03\/3614272623507-01.jpg","width":700,"height":700},{"@type":"BreadcrumbList","@id":"https:\/\/jamallek.com\/eg\/product\/lancome-advanced-genifique-youth-activating-serum\/#breadcrumb","itemListElement":[{"@type":"ListItem","position":1,"name":"Home","item":"https:\/\/jamallek.com\/eg\/"},{"@type":"ListItem","position":2,"name":"Shop","item":"https:\/\/jamallek.com\/eg\/shop\/"},{"@type":"ListItem","position":3,"name":"Lanc\u00f4me Advanced G\u00e9nifique Youth Activating Serum"}]},{"@type":"WebSite","@id":"https:\/\/jamallek.com\/eg\/#website","url":"https:\/\/jamallek.com\/eg\/","name":"Jamallek","description":"","publisher":{"@id":"https:\/\/jamallek.com\/eg\/#organization"},"potentialAction":[{"@type":"SearchAction","target":{"@type":"EntryPoint","urlTemplate":"https:\/\/jamallek.com\/eg\/?s={search_term_string}"},"query-input":"required name=search_term_string"}],"inLanguage":"en-US"},{"@type":"Organization","@id":"https:\/\/jamallek.com\/eg\/#organization","name":"Jamallek","url":"https:\/\/jamallek.com\/eg\/","logo":{"@type":"ImageObject","inLanguage":"en-US","@id":"https:\/\/jamallek.com\/eg\/#\/schema\/logo\/image\/","url":"https:\/\/jamallek.com\/eg\/wp-content\/uploads\/2024\/03\/New-Project.png","contentUrl":"https:\/\/jamallek.com\/eg\/wp-content\/uploads\/2024\/03\/New-Project.png","width":600,"height":600,"caption":"Jamallek"},"image":{"@id":"https:\/\/jamallek.com\/eg\/#\/schema\/logo\/image\/"}}]}},"wcpa_form_fields":null,"_links":{"self":[{"href":"https:\/\/jamallek.com\/eg\/wp-json\/wp\/v2\/product\/9868","targetHints":{"allow":["GET"]}}],"collection":[{"href":"https:\/\/jamallek.com\/eg\/wp-json\/wp\/v2\/product"}],"about":[{"href":"https:\/\/jamallek.com\/eg\/wp-json\/wp\/v2\/types\/product"}],"replies":[{"embeddable":true,"href":"https:\/\/jamallek.com\/eg\/wp-json\/wp\/v2\/comments?post=9868"}],"wp:featuredmedia":[{"embeddable":true,"href":"https:\/\/jamallek.com\/eg\/wp-json\/wp\/v2\/media\/9851"}],"wp:attachment":[{"href":"https:\/\/jamallek.com\/eg\/wp-json\/wp\/v2\/media?parent=9868"}],"wp:term":[{"taxonomy":"product_brand","embeddable":true,"href":"https:\/\/jamallek.com\/eg\/wp-json\/wp\/v2\/product_brand?post=9868"},{"taxonomy":"product_cat","embeddable":true,"href":"https:\/\/jamallek.com\/eg\/wp-json\/wp\/v2\/product_cat?post=9868"},{"taxonomy":"product_tag","embeddable":true,"href":"https:\/\/jamallek.com\/eg\/wp-json\/wp\/v2\/product_tag?post=9868"}],"curies":[{"name":"wp","href":"https:\/\/api.w.org\/{rel}","templated":true}]}}